{"id":8847,"date":"2026-03-24T20:21:17","date_gmt":"2026-03-24T20:21:17","guid":{"rendered":"https:\/\/innerbeat.online\/?page_id=8847"},"modified":"2026-03-24T20:52:13","modified_gmt":"2026-03-24T20:52:13","slug":"8847-2","status":"publish","type":"page","link":"https:\/\/innerbeat.online\/index.php\/8847-2\/","title":{"rendered":"RETO 24 PREVENTA"},"content":{"rendered":"Reg\u00edstrate y \u00fanete a nosotros para ver este contenido.","protected":false},"excerpt":{"rendered":"<p>Reg\u00edstrate y \u00fanete a nosotros para ver este contenido.<\/p>\n","protected":false},"author":8,"featured_media":8898,"parent":0,"menu_order":0,"comment_status":"closed","ping_status":"closed","template":"","meta":{"_EventAllDay":false,"_EventTimezone":"","_EventStartDate":"","_EventEndDate":"","_EventStartDateUTC":"","_EventEndDateUTC":"","_EventShowMap":false,"_EventShowMapLink":false,"_EventURL":"","_EventCost":"","_EventCostDescription":"","_EventCurrencySymbol":"","_EventCurrencyCode":"","_EventCurrencyPosition":"","_EventDateTimeSeparator":"","_EventTimeRangeSeparator":"","_EventOrganizerID":[],"_EventVenueID":[],"_OrganizerEmail":"","_OrganizerPhone":"","_OrganizerWebsite":"","_VenueAddress":"","_VenueCity":"","_VenueCountry":"","_VenueProvince":"","_VenueState":"","_VenueZip":"","_VenuePhone":"","_VenueURL":"","_VenueStateProvince":"","_VenueLat":"","_VenueLng":"","_VenueShowMap":false,"_VenueShowMapLink":false,"_themeisle_gutenberg_block_has_review":false,"footnotes":""},"class_list":["post-8847","page","type-page","status-publish","has-post-thumbnail","hentry"],"_links":{"self":[{"href":"https:\/\/innerbeat.online\/index.php\/wp-json\/wp\/v2\/pages\/8847","targetHints":{"allow":["GET"]}}],"collection":[{"href":"https:\/\/innerbeat.online\/index.php\/wp-json\/wp\/v2\/pages"}],"about":[{"href":"https:\/\/innerbeat.online\/index.php\/wp-json\/wp\/v2\/types\/page"}],"author":[{"embeddable":true,"href":"https:\/\/innerbeat.online\/index.php\/wp-json\/wp\/v2\/users\/8"}],"replies":[{"embeddable":true,"href":"https:\/\/innerbeat.online\/index.php\/wp-json\/wp\/v2\/comments?post=8847"}],"version-history":[{"count":19,"href":"https:\/\/innerbeat.online\/index.php\/wp-json\/wp\/v2\/pages\/8847\/revisions"}],"predecessor-version":[{"id":8903,"href":"https:\/\/innerbeat.online\/index.php\/wp-json\/wp\/v2\/pages\/8847\/revisions\/8903"}],"wp:featuredmedia":[{"embeddable":true,"href":"https:\/\/innerbeat.online\/index.php\/wp-json\/wp\/v2\/media\/8898"}],"wp:attachment":[{"href":"https:\/\/innerbeat.online\/index.php\/wp-json\/wp\/v2\/media?parent=8847"}],"curies":[{"name":"wp","href":"https:\/\/api.w.org\/{rel}","templated":true}]}}