{"id":607,"date":"2021-06-10T18:50:54","date_gmt":"2021-06-10T18:50:54","guid":{"rendered":"https:\/\/innerbeat.online\/?page_id=607"},"modified":"2022-06-04T19:44:59","modified_gmt":"2022-06-04T19:44:59","slug":"terminos-y-condiciones","status":"publish","type":"page","link":"https:\/\/innerbeat.online\/index.php\/terminos-y-condiciones\/","title":{"rendered":"T\u00e9rminos y condiciones"},"content":{"rendered":"\n<p>Los niveles de Suscripci\u00f3n <strong>INNERBEAT PREMIUM<\/strong> con los que contamos son MENSUAL, TRIMESTRAL y SEMESTRAL, estos paquetes tendr\u00e1n acceso a la secci\u00f3n de INNEREXPRESS; por otro lado contamos con la secci\u00f3n de RETOS para trabajos espec\u00edficos; cada uno cuenta con su vigencia establecida y mostrada en las descripciones correspondientes. Pasado el tiempo de vigencia de los paquetes, no habr\u00e1 extensiones ni reposiciones de clases. Los paquetes no son transferibles ni reembolsables, ni se pueden abonar para otros productos o servicios.<\/p>\n\n\n\n<h2 class=\"wp-block-heading\">M\u00c9TODOS DE PAGO<\/h2>\n\n\n\n<p>Para paquetes de clases online aceptamos pagos v\u00eda <strong>Stripe<\/strong> \u00fanicamente en el enlace del sitio web.<\/p>\n\n\n\n<p>Existen tres tipos de membres\u00eda con cargo \u00fanico,\u00a0<strong>mensual<\/strong>, <strong>trimestral y semestral, Innerexpress y RETOS<\/strong>. Las mismas pueden ser canceladas en cualquier momento por el usuario directamente en el link de la pagina que lleva a <strong>Stripe<\/strong>.<\/p>\n\n\n\n<p>La cancelaci\u00f3n correr\u00e1 a partir del per\u00edodo siguiente al pagado.<\/p>\n\n\n\n<p>Eventos, clases especiales y talleres publicar\u00e1n sus propios m\u00e9todos de pago y costos.<\/p>\n\n\n\n<h2 class=\"wp-block-heading\">CAMBIO DE PRECIOS<\/h2>\n\n\n\n<p>Los precios pueden ser actualizados sin previos aviso. <\/p>\n\n\n\n<p>No realizamos devoluciones.<\/p>\n\n\n\n<h2 class=\"wp-block-heading\">SOBRE LA CALIDAD DEL V\u00cdDEO<\/h2>\n\n\n\n<p>Todos los v\u00eddeos est\u00e1n en HD y las transmisiones en vivo bajo la tecnolog\u00eda de <strong>Vimeo<\/strong>.<\/p>\n\n\n\n<p>La calidad del v\u00eddeo puede variar por la disponibilidad y velocidad del enlace de internet y el dispositivo que se est\u00e9 utilizando para seguir el video.&nbsp;<strong>INNERBEAT<\/strong>, no ser\u00e1 responsable por fallas t\u00e9cnicas de tu dispositivo o proveedor de Internet que te impidan tomar las clases.<\/p>\n\n\n\n<h2 class=\"wp-block-heading\">RESPONSIVA<\/h2>\n\n\n\n<p>Libero de toda responsabilidad a&nbsp;<strong>INNERBEAT<\/strong>, sus accionistas, representantes, empleados y\/o maestros por las lesiones, da\u00f1os y\/o perjuicios que pueda sufrir, directa o indirectamente, relacionados con mi participaci\u00f3n en las clases de yoga online, renunciando a ejercer cualquier acci\u00f3n civil, comercial o penal en contra de \u00e9stos.<\/p>\n\n\n\n<p>La presente liberaci\u00f3n de responsabilidad incluye cualquier accidente, enfermedad, gastos, costas, honorarios m\u00e9dicos y\/o legales, presentes y\/o futuros, que puedan resultar, directa o indirectamente, de mi participaci\u00f3n en cualquier actividad requerida a las clases en l\u00ednea de&nbsp;<strong>INNERBEAT<\/strong>&nbsp;en cualquiera de sus plataformas.<\/p>\n","protected":false},"excerpt":{"rendered":"<p>Los niveles de Suscripci\u00f3n INNERBEAT PREMIUM con los que contamos son MENSUAL, TRIMESTRAL y SEMESTRAL, estos paquetes tendr\u00e1n acceso a la secci\u00f3n de INNEREXPRESS; por otro lado contamos con la secci\u00f3n de RETOS para trabajos espec\u00edficos; cada uno cuenta con su vigencia establecida y mostrada en las descripciones correspondientes. Pasado [&hellip;]<\/p>\n","protected":false},"author":1,"featured_media":0,"parent":0,"menu_order":0,"comment_status":"closed","ping_status":"closed","template":"","meta":{"_EventAllDay":false,"_EventTimezone":"","_EventStartDate":"","_EventEndDate":"","_EventStartDateUTC":"","_EventEndDateUTC":"","_EventShowMap":false,"_EventShowMapLink":false,"_EventURL":"","_EventCost":"","_EventCostDescription":"","_EventCurrencySymbol":"","_EventCurrencyCode":"","_EventCurrencyPosition":"","_EventDateTimeSeparator":"","_EventTimeRangeSeparator":"","_EventOrganizerID":[],"_EventVenueID":[],"_OrganizerEmail":"","_OrganizerPhone":"","_OrganizerWebsite":"","_VenueAddress":"","_VenueCity":"","_VenueCountry":"","_VenueProvince":"","_VenueState":"","_VenueZip":"","_VenuePhone":"","_VenueURL":"","_VenueStateProvince":"","_VenueLat":"","_VenueLng":"","_VenueShowMap":false,"_VenueShowMapLink":false,"_themeisle_gutenberg_block_has_review":false,"footnotes":""},"class_list":["post-607","page","type-page","status-publish","hentry"],"_links":{"self":[{"href":"https:\/\/innerbeat.online\/index.php\/wp-json\/wp\/v2\/pages\/607","targetHints":{"allow":["GET"]}}],"collection":[{"href":"https:\/\/innerbeat.online\/index.php\/wp-json\/wp\/v2\/pages"}],"about":[{"href":"https:\/\/innerbeat.online\/index.php\/wp-json\/wp\/v2\/types\/page"}],"author":[{"embeddable":true,"href":"https:\/\/innerbeat.online\/index.php\/wp-json\/wp\/v2\/users\/1"}],"replies":[{"embeddable":true,"href":"https:\/\/innerbeat.online\/index.php\/wp-json\/wp\/v2\/comments?post=607"}],"version-history":[{"count":0,"href":"https:\/\/innerbeat.online\/index.php\/wp-json\/wp\/v2\/pages\/607\/revisions"}],"wp:attachment":[{"href":"https:\/\/innerbeat.online\/index.php\/wp-json\/wp\/v2\/media?parent=607"}],"curies":[{"name":"wp","href":"https:\/\/api.w.org\/{rel}","templated":true}]}}