{"id":4231,"date":"2023-04-03T00:51:02","date_gmt":"2023-04-03T00:51:02","guid":{"rendered":"https:\/\/innerbeat.online\/?page_id=4231"},"modified":"2023-04-03T03:35:01","modified_gmt":"2023-04-03T03:35:01","slug":"como-funciona","status":"publish","type":"page","link":"https:\/\/innerbeat.online\/index.php\/como-funciona\/","title":{"rendered":"C\u00f3mo Funciona"},"content":{"rendered":"\n<div class=\"wp-block-group\"><div class=\"wp-block-group__inner-container is-layout-constrained wp-block-group-is-layout-constrained\">\n<div class=\"wp-block-cover is-light\"><span aria-hidden=\"true\" class=\"wp-block-cover__background has-background-dim-100 has-background-dim\" style=\"background-color:#e8dff6\"><\/span><div class=\"wp-block-cover__inner-container is-layout-flow wp-block-cover-is-layout-flow\">\n<h2 id=\"wp-block-themeisle-blocks-advanced-heading-5a39e1ed\" class=\"wp-block-themeisle-blocks-advanced-heading wp-block-themeisle-blocks-advanced-heading-5a39e1ed\">Mi Registro<\/h2>\n\n\n\n<h2 id=\"wp-block-themeisle-blocks-advanced-heading-2ba191b9\" class=\"wp-block-themeisle-blocks-advanced-heading wp-block-themeisle-blocks-advanced-heading-2ba191b9\">Si es tu primera vez con nosotros \u00f3 a\u00fan no tienes una cuenta registrada, sigue los siguientes pasos:<\/h2>\n\n\n\n<ol class=\"wp-block-list\">\n<li>Da click en el bot\u00f3n REGISTRARME<\/li>\n\n\n\n<li>Llena todos tus datos, toma en cuenta que tu contrase\u00f1a debe contener al menos una letra may\u00fascula, un n\u00famero y letras min\u00fasculas; acepta los t\u00e9rminos y condiciones y da click en crear. <\/li>\n\n\n\n<li>Debes recibir un correo de activaci\u00f3n al correo electr\u00f3nico que registraste, por favor checa los correos no deseados; en caso de no haberlo recibido, m\u00e1ndanos un DM a nuestro Instagram @innerbeat.mx (en la secci\u00f3n contacto tienes el link directo) y te ayudaremos con gusto.<\/li>\n\n\n\n<li>Tu cuenta Free tiene 3 d\u00edas gratis de acceso total a nuestras rutinas, aprov\u00e9chalos y cu\u00e9ntanos  tu experiencia.<\/li>\n<\/ol>\n<\/div><\/div>\n<\/div><\/div>\n\n\n\n<div class=\"wp-block-group\"><div class=\"wp-block-group__inner-container is-layout-constrained wp-block-group-is-layout-constrained\">\n<div class=\"wp-block-cover is-light\"><span aria-hidden=\"true\" class=\"wp-block-cover__background has-background-dim-100 has-background-dim\" style=\"background-color:#a9eff4\"><\/span><div class=\"wp-block-cover__inner-container is-layout-flow wp-block-cover-is-layout-flow\">\n<h2 id=\"wp-block-themeisle-blocks-advanced-heading-e09d45cb\" class=\"wp-block-themeisle-blocks-advanced-heading wp-block-themeisle-blocks-advanced-heading-e09d45cb\">C\u00f3mo ver los videos<\/h2>\n\n\n\n<h2 id=\"wp-block-themeisle-blocks-advanced-heading-3ec31464\" class=\"wp-block-themeisle-blocks-advanced-heading wp-block-themeisle-blocks-advanced-heading-3ec31464\">Para entrar a tu cuenta y disfrutar de nuestras rutinas, sigue los siguientes pasos:<\/h2>\n\n\n\n<ol class=\"wp-block-list\">\n<li>Da click en el bot\u00f3n LOGIN<\/li>\n\n\n\n<li>Ingresa tu cuenta y tu contrase\u00f1a, despu\u00e9s da click en entrar <\/li>\n\n\n\n<li>Se te mostrar\u00e1 el tipo de cuenta y los dias de vigencia que tienes<\/li>\n\n\n\n<li>Para ver los videos tienes dos diferentes opciones:\n<ul class=\"wp-block-list\">\n<li>Bot\u00f3n CLASES:\n<ul class=\"wp-block-list\">\n<li>Puedes desplegar distintos entrenamientos: Parte Inferior, Parte Superior, FullBody, FollowMe, Invitados y Finisher; puedes seleccionar el qu\u00e9 tu desees las veces que quieras.<\/li>\n<\/ul>\n<\/li>\n\n\n\n<li>Bot\u00f3n de MI CALENDARIO:\n<ul class=\"wp-block-list\">\n<li>Aqu\u00ed encontrar\u00e1s el cronograma que InnerBeat recomienda para t\u00ed, especificando el video por d\u00eda, e inclusive si un d\u00eda te recomedamos complementar tu rutina con un finisher. <\/li>\n\n\n\n<li>Dentro del d\u00eda que selecciones podr\u00e1s ver el material que necesitar\u00e1s para realizar tu rutina en la secci\u00f3n de Tags. <\/li>\n<\/ul>\n<\/li>\n<\/ul>\n<\/li>\n<\/ol>\n<\/div><\/div>\n\n\n\n<div class=\"wp-block-cover is-light\" style=\"min-height:531px;aspect-ratio:unset;\"><span aria-hidden=\"true\" class=\"wp-block-cover__background has-background-dim-100 has-background-dim\" style=\"background-color:#cff5a9\"><\/span><div class=\"wp-block-cover__inner-container is-layout-flow wp-block-cover-is-layout-flow\">\n<h2 id=\"wp-block-themeisle-blocks-advanced-heading-5995111d\" class=\"wp-block-themeisle-blocks-advanced-heading wp-block-themeisle-blocks-advanced-heading-5995111d\">C\u00f3mo puedo adquirir un paquete<\/h2>\n\n\n\n<h2 id=\"wp-block-themeisle-blocks-advanced-heading-34eb89e8\" class=\"wp-block-themeisle-blocks-advanced-heading wp-block-themeisle-blocks-advanced-heading-34eb89e8\">Para poder comprar alguno de nuestros paquetes, sigue los siguientes pasos:<\/h2>\n\n\n\n<ol class=\"wp-block-list\">\n<li>Es indispensable contar con una cuenta registrada, no tiene ning\u00fan costo; esto es por seguridad para evitar que realices una compra y no poder identificar el usuario que lo realiz\u00f3. <\/li>\n\n\n\n<li>Da click en el bot\u00f3n LOGIN e ingresa tu cuenta y tu contrase\u00f1a, despu\u00e9s da click en entrar <\/li>\n\n\n\n<li>Se te mostrar\u00e1 el tipo de cuenta y los dias de vigencia que tienes<\/li>\n\n\n\n<li>Selecciona el bot\u00f3n de COMPRAS <\/li>\n\n\n\n<li>Dentro encontrar\u00e1s 3 distintas opciones con los d\u00edas de vigencia de cada uno, selecciona la que m\u00e1s te convenga.<\/li>\n\n\n\n<li>Ingresa tus datos bancarios y la informaci\u00f3n que se te pide. <\/li>\n\n\n\n<li>No actualices ni te salgas de la p\u00e1gina hasta que el proceso haya sido completado y te muestre un mensaje de pago exitoso. <\/li>\n\n\n\n<li>Una vez recibido el mensaje de pago exitoso, puedes ir a tu calendario o a la clase que tu quieras. <\/li>\n<\/ol>\n<\/div><\/div>\n\n\n\n<div class=\"wp-block-cover is-light\" style=\"min-height:531px;aspect-ratio:unset;\"><span aria-hidden=\"true\" class=\"wp-block-cover__background has-background-dim-100 has-background-dim\" style=\"background-color:#e1e1e1\"><\/span><div class=\"wp-block-cover__inner-container is-layout-flow wp-block-cover-is-layout-flow\">\n<h2 id=\"wp-block-themeisle-blocks-advanced-heading-de013eaa\" class=\"wp-block-themeisle-blocks-advanced-heading wp-block-themeisle-blocks-advanced-heading-de013eaa\">PREGUNTAS FRECUENTES<\/h2>\n\n\n\n<ol class=\"wp-block-list\">\n<li><strong>\u00bfQu\u00e9 puedo hacer si me registr\u00e9 y no me ha llegado mi correo de activaci\u00f3n?<\/strong>\n<ul class=\"wp-block-list\">\n<li>Por favor m\u00e1ndanos un DM al instagram oficial @innerbeat.mx y con gusto te ayudaremos<\/li>\n<\/ul>\n<\/li>\n\n\n\n<li><strong>\u00bfPorqu\u00e9 cuando entro al bot\u00f3n de COMPRAS me dice que a\u00fan no soy miembro?<\/strong>\n<ul class=\"wp-block-list\">\n<li>Quiere decir que no te has logueado con ninguna cuenta, es indispensable que primero ingreses a tu cuenta para poder realizar una compra; de esta forma el sistema identifica tu usuario y puede activarte tu vigencia de acuerdo al paquete que selecciones. <\/li>\n<\/ul>\n<\/li>\n\n\n\n<li><strong>\u00bfTengo que seguir el Calendario de manera forzosa? <\/strong>\n<ul class=\"wp-block-list\">\n<li>Para nada, el Calendario es la recomendaci\u00f3n que nosotros tenemos para t\u00ed, si un d\u00eda quieres o necesitas enfocar tu entrenamiento en otra parte del cuerpo puedes seleccionar cualquier otro video sin problema.<\/li>\n<\/ul>\n<\/li>\n\n\n\n<li><strong>\u00bfCu\u00e1ntas veces puedo hacer un mismo video?<\/strong>\n<ul class=\"wp-block-list\">\n<li>Las veces que tu quieras, los videos estar\u00e1n disponibles por todo el mes. <\/li>\n<\/ul>\n<\/li>\n\n\n\n<li><strong>\u00bfLos videos son distintos todos los d\u00edas?<\/strong>\n<ul class=\"wp-block-list\">\n<li>As\u00ed es, nuestras rutinas est\u00e1n perfectamente planificadas para que durante la semana entrenes de manera equilibrada todo tu cuerpo, adem\u00e1s te estamos dejando clases adicionales de distinto tipo como meditaci\u00f3n, estiramiento, etc; para que tu entrenamiento sea 100% integral.<\/li>\n<\/ul>\n<\/li>\n\n\n\n<li><strong>\u00bfINNERBEAT es s\u00f3lo para las personas que ya hacen o han hecho ejercicio?<\/strong>\n<ul class=\"wp-block-list\">\n<li>No, dentro de la rutina todos los ejercicios podr\u00e1s variarlos de acuerdo a tu capacidad y nivel de entrenamiento, INNERBEAT es para todos.<\/li>\n<\/ul>\n<\/li>\n\n\n\n<li><strong>Tuve un problema al realizar mi pago<\/strong>\n<ul class=\"wp-block-list\">\n<li>No te preocupes, por favor env\u00edanos un DM a nuestro instagram oficial @innerbeat.mx; revisaremos y nos contactaremos contigo para solucionarlo.<\/li>\n<\/ul>\n<\/li>\n<\/ol>\n<\/div><\/div>\n<\/div><\/div>\n\n\n\n<div style=\"height:100px\" aria-hidden=\"true\" class=\"wp-block-spacer\"><\/div>\n","protected":false},"excerpt":{"rendered":"","protected":false},"author":1,"featured_media":0,"parent":0,"menu_order":0,"comment_status":"closed","ping_status":"closed","template":"","meta":{"_EventAllDay":false,"_EventTimezone":"","_EventStartDate":"","_EventEndDate":"","_EventStartDateUTC":"","_EventEndDateUTC":"","_EventShowMap":false,"_EventShowMapLink":false,"_EventURL":"","_EventCost":"","_EventCostDescription":"","_EventCurrencySymbol":"","_EventCurrencyCode":"","_EventCurrencyPosition":"","_EventDateTimeSeparator":"","_EventTimeRangeSeparator":"","_EventOrganizerID":[],"_EventVenueID":[],"_OrganizerEmail":"","_OrganizerPhone":"","_OrganizerWebsite":"","_VenueAddress":"","_VenueCity":"","_VenueCountry":"","_VenueProvince":"","_VenueState":"","_VenueZip":"","_VenuePhone":"","_VenueURL":"","_VenueStateProvince":"","_VenueLat":"","_VenueLng":"","_VenueShowMap":false,"_VenueShowMapLink":false,"_themeisle_gutenberg_block_has_review":false,"footnotes":""},"class_list":["post-4231","page","type-page","status-publish","hentry"],"_links":{"self":[{"href":"https:\/\/innerbeat.online\/index.php\/wp-json\/wp\/v2\/pages\/4231","targetHints":{"allow":["GET"]}}],"collection":[{"href":"https:\/\/innerbeat.online\/index.php\/wp-json\/wp\/v2\/pages"}],"about":[{"href":"https:\/\/innerbeat.online\/index.php\/wp-json\/wp\/v2\/types\/page"}],"author":[{"embeddable":true,"href":"https:\/\/innerbeat.online\/index.php\/wp-json\/wp\/v2\/users\/1"}],"replies":[{"embeddable":true,"href":"https:\/\/innerbeat.online\/index.php\/wp-json\/wp\/v2\/comments?post=4231"}],"version-history":[{"count":0,"href":"https:\/\/innerbeat.online\/index.php\/wp-json\/wp\/v2\/pages\/4231\/revisions"}],"wp:attachment":[{"href":"https:\/\/innerbeat.online\/index.php\/wp-json\/wp\/v2\/media?parent=4231"}],"curies":[{"name":"wp","href":"https:\/\/api.w.org\/{rel}","templated":true}]}}